{"id":572,"date":"2025-09-18T00:22:41","date_gmt":"2025-09-18T00:22:41","guid":{"rendered":"https:\/\/www.replicachwatch.net\/?page_id=572"},"modified":"2025-09-18T00:25:01","modified_gmt":"2025-09-18T00:25:01","slug":"coupons-pour-les-montres","status":"publish","type":"page","link":"https:\/\/www.replicachwatch.net\/fr\/coupons-pour-les-montres\/","title":{"rendered":"Coupons de montres"},"content":{"rendered":"<div data-elementor-type=\"wp-page\" data-elementor-id=\"572\" class=\"elementor elementor-572\" data-elementor-post-type=\"page\">\n\t\t\t\t<div class=\"elementor-element elementor-element-91adde8 e-flex e-con-boxed e-con e-parent\" data-id=\"91adde8\" data-element_type=\"container\">\n\t\t\t\t\t<div class=\"e-con-inner\">\n\t\t\t\t<div class=\"elementor-element elementor-element-3ef530f elementor-widget elementor-widget-shortcode\" data-id=\"3ef530f\" data-element_type=\"widget\" data-widget_type=\"shortcode.default\">\n\t\t\t\t<div class=\"elementor-widget-container\">\n\t\t\t\t\t\t\t<div class=\"elementor-shortcode\"><div class=\"my-breadcrumbs\" style=\"display:inline-flex;align-items:center;gap:6px;margin-bottom:0px;\"><i class=\"fa fa-home\"><\/i><div class=\"aioseo-breadcrumbs\"><span class=\"aioseo-breadcrumb\">\n\t<a href=\"https:\/\/www.replicachwatch.net\/fr\" title=\"Accueil\">Accueil<\/a>\n<\/span><span class=\"aioseo-breadcrumb-separator\">\"<\/span><span class=\"aioseo-breadcrumb\">\n\tCoupons de montres\n<\/span><\/div><\/div><\/div>\n\t\t\t\t\t\t<\/div>\n\t\t\t\t<\/div>\n\t\t\t\t\t<\/div>\n\t\t\t\t<\/div>\n\t\t<div class=\"elementor-element elementor-element-79cf496 e-flex e-con-boxed e-con e-parent\" data-id=\"79cf496\" data-element_type=\"container\">\n\t\t\t\t\t<div class=\"e-con-inner\">\n\t\t\t\t<div class=\"elementor-element elementor-element-bc2e5d2 elementor-widget elementor-widget-heading\" data-id=\"bc2e5d2\" data-element_type=\"widget\" data-widget_type=\"heading.default\">\n\t\t\t\t<div class=\"elementor-widget-container\">\n\t\t\t\t\t<h1 class=\"elementor-heading-title elementor-size-default\">Coupons de montres<\/h1>\t\t\t\t<\/div>\n\t\t\t\t<\/div>\n\t\t\t\t<div class=\"elementor-element elementor-element-04e93a6 elementor-widget-divider--view-line elementor-widget elementor-widget-divider\" data-id=\"04e93a6\" data-element_type=\"widget\" data-widget_type=\"divider.default\">\n\t\t\t\t<div class=\"elementor-widget-container\">\n\t\t\t\t\t\t\t<div class=\"elementor-divider\">\n\t\t\t<span class=\"elementor-divider-separator\">\n\t\t\t\t\t\t<\/span>\n\t\t<\/div>\n\t\t\t\t\t\t<\/div>\n\t\t\t\t<\/div>\n\t\t\t\t<div class=\"elementor-element elementor-element-2ea9c30 elementor-widget elementor-widget-text-editor\" data-id=\"2ea9c30\" data-element_type=\"widget\" data-widget_type=\"text-editor.default\">\n\t\t\t\t<div class=\"elementor-widget-container\">\n\t\t\t\t\t\t\t\t\t<p>Chez xxx.com, nous faisons de notre mieux pour aider nos clients. Nous nous engageons \u00e0 assurer votre satisfaction et nous attendons avec impatience de vous entendre.<br \/>Nous sommes attentifs aux besoins de nos clients et nous nous effor\u00e7ons de leur fournir des imitations de montres de haute qualit\u00e9 et satisfaisantes.<\/p>\t\t\t\t\t\t\t\t<\/div>\n\t\t\t\t<\/div>\n\t\t\t\t\t<\/div>\n\t\t\t\t<\/div>\n\t\t\t\t<\/div>","protected":false},"excerpt":{"rendered":"<p>Chez xxx.com, nous faisons de notre mieux pour aider nos clients. Nous sommes \u00e0 l'\u00e9coute des besoins de nos clients et nous nous effor\u00e7ons de leur fournir des imitations de montres de haute qualit\u00e9 et satisfaisantes.<\/p>","protected":false},"author":1,"featured_media":0,"parent":0,"menu_order":2,"comment_status":"closed","ping_status":"closed","template":"","meta":{"_acf_changed":false,"footnotes":""},"class_list":["post-572","page","type-page","status-publish","hentry"],"aioseo_notices":[],"acf":[],"aioseo_head":"\n\t\t<!-- All in One SEO Pro 4.9.6.2 - aioseo.com -->\n\t<meta name=\"description\" content=\"Home \u00bb Watch Coupons Watch Coupons At xxx.com, we do our best to help our customers. We are dedicated to ensuring your satisfaction and we look forward to hearing from you.We pay attention to listening to the needs of customers and strive to provide customers with high-quality and satisfactory imitation watches\" \/>\n\t<meta name=\"robots\" content=\"max-image-preview:large\" \/>\n\t<link rel=\"canonical\" href=\"https:\/\/www.replicachwatch.net\/fr\/coupons-pour-les-montres\/\" \/>\n\t<meta name=\"generator\" content=\"All in One SEO Pro (AIOSEO) 4.9.6.2\" \/>\n\t\t<meta property=\"og:locale\" content=\"fr_FR\" \/>\n\t\t<meta property=\"og:site_name\" content=\"Replica Rolex|Fake Rolex|the best rolex watch factory -\" \/>\n\t\t<meta property=\"og:type\" content=\"article\" \/>\n\t\t<meta property=\"og:title\" content=\"Watch Coupons\" \/>\n\t\t<meta property=\"og:description\" content=\"Home \u00bb Watch Coupons Watch Coupons At xxx.com, we do our best to help our customers. We are dedicated to ensuring your satisfaction and we look forward to hearing from you.We pay attention to listening to the needs of customers and strive to provide customers with high-quality and satisfactory imitation watches\" \/>\n\t\t<meta property=\"og:url\" content=\"https:\/\/www.replicachwatch.net\/fr\/coupons-pour-les-montres\/\" \/>\n\t\t<meta property=\"og:image\" content=\"https:\/\/www.replicachwatch.net\/wp-content\/uploads\/2025\/09\/logo.png\" \/>\n\t\t<meta property=\"og:image:secure_url\" content=\"https:\/\/www.replicachwatch.net\/wp-content\/uploads\/2025\/09\/logo.png\" \/>\n\t\t<meta property=\"article:published_time\" content=\"2025-09-18T00:22:41+00:00\" \/>\n\t\t<meta property=\"article:modified_time\" content=\"2025-09-18T00:25:01+00:00\" \/>\n\t\t<meta name=\"twitter:card\" content=\"summary_large_image\" \/>\n\t\t<meta name=\"twitter:title\" content=\"Watch Coupons\" \/>\n\t\t<meta name=\"twitter:description\" content=\"Home \u00bb Watch Coupons Watch Coupons At xxx.com, we do our best to help our customers. We are dedicated to ensuring your satisfaction and we look forward to hearing from you.We pay attention to listening to the needs of customers and strive to provide customers with high-quality and satisfactory imitation watches\" \/>\n\t\t<meta name=\"twitter:image\" content=\"https:\/\/www.replicachwatch.net\/wp-content\/uploads\/2025\/09\/logo.png\" \/>\n\t\t<script type=\"application\/ld+json\" class=\"aioseo-schema\">\n\t\t\t{\"@context\":\"https:\\\/\\\/schema.org\",\"@graph\":[{\"@type\":\"BreadcrumbList\",\"@id\":\"https:\\\/\\\/www.replicachwatch.net\\\/fr\\\/coupons-pour-les-montres\\\/#breadcrumblist\",\"itemListElement\":[{\"@type\":\"ListItem\",\"@id\":\"https:\\\/\\\/www.replicachwatch.net\\\/fr#listItem\",\"position\":1,\"name\":\"Home\",\"item\":\"https:\\\/\\\/www.replicachwatch.net\\\/fr\",\"nextItem\":{\"@type\":\"ListItem\",\"@id\":\"https:\\\/\\\/www.replicachwatch.net\\\/fr\\\/coupons-pour-les-montres\\\/#listItem\",\"name\":\"Watch Coupons\"}},{\"@type\":\"ListItem\",\"@id\":\"https:\\\/\\\/www.replicachwatch.net\\\/fr\\\/coupons-pour-les-montres\\\/#listItem\",\"position\":2,\"name\":\"Watch Coupons\",\"previousItem\":{\"@type\":\"ListItem\",\"@id\":\"https:\\\/\\\/www.replicachwatch.net\\\/fr#listItem\",\"name\":\"Home\"}}]},{\"@type\":\"ItemPage\",\"@id\":\"https:\\\/\\\/www.replicachwatch.net\\\/fr\\\/coupons-pour-les-montres\\\/#itempage\",\"url\":\"https:\\\/\\\/www.replicachwatch.net\\\/fr\\\/coupons-pour-les-montres\\\/\",\"name\":\"Watch Coupons\",\"description\":\"Home \\u00bb Watch Coupons Watch Coupons At xxx.com, we do our best to help our customers. We are dedicated to ensuring your satisfaction and we look forward to hearing from you.We pay attention to listening to the needs of customers and strive to provide customers with high-quality and satisfactory imitation watches\",\"inLanguage\":\"fr-FR\",\"isPartOf\":{\"@id\":\"https:\\\/\\\/www.replicachwatch.net\\\/fr\\\/#website\"},\"breadcrumb\":{\"@id\":\"https:\\\/\\\/www.replicachwatch.net\\\/fr\\\/coupons-pour-les-montres\\\/#breadcrumblist\"},\"datePublished\":\"2025-09-18T00:22:41+08:00\",\"dateModified\":\"2025-09-18T00:25:01+08:00\"},{\"@type\":\"Organization\",\"@id\":\"https:\\\/\\\/www.replicachwatch.net\\\/fr\\\/#organization\",\"name\":\"Replica watch center\",\"description\":\"Seeking the ultimate replica watch? Discover mirror-image replicas of luxury Swiss brands. We guarantee the highest quality materials and undetectable design for the discerning eye. Secure checkout &amp; customer support.\",\"url\":\"https:\\\/\\\/www.replicachwatch.net\\\/fr\\\/\",\"foundingDate\":\"2015-04-30\",\"logo\":{\"@type\":\"ImageObject\",\"url\":\"https:\\\/\\\/www.replicachwatch.net\\\/wp-content\\\/uploads\\\/2025\\\/09\\\/cropped-logo.png\",\"@id\":\"https:\\\/\\\/www.replicachwatch.net\\\/fr\\\/coupons-pour-les-montres\\\/#organizationLogo\",\"width\":512,\"height\":512},\"image\":{\"@id\":\"https:\\\/\\\/www.replicachwatch.net\\\/fr\\\/coupons-pour-les-montres\\\/#organizationLogo\"}},{\"@type\":\"WebPage\",\"@id\":\"https:\\\/\\\/www.replicachwatch.net\\\/fr\\\/coupons-pour-les-montres\\\/#webpage\",\"url\":\"https:\\\/\\\/www.replicachwatch.net\\\/fr\\\/coupons-pour-les-montres\\\/\",\"name\":\"Watch Coupons\",\"description\":\"Home \\u00bb Watch Coupons Watch Coupons At xxx.com, we do our best to help our customers. We are dedicated to ensuring your satisfaction and we look forward to hearing from you.We pay attention to listening to the needs of customers and strive to provide customers with high-quality and satisfactory imitation watches\",\"inLanguage\":\"fr-FR\",\"isPartOf\":{\"@id\":\"https:\\\/\\\/www.replicachwatch.net\\\/fr\\\/#website\"},\"breadcrumb\":{\"@id\":\"https:\\\/\\\/www.replicachwatch.net\\\/fr\\\/coupons-pour-les-montres\\\/#breadcrumblist\"},\"datePublished\":\"2025-09-18T00:22:41+08:00\",\"dateModified\":\"2025-09-18T00:25:01+08:00\"},{\"@type\":\"WebSite\",\"@id\":\"https:\\\/\\\/www.replicachwatch.net\\\/fr\\\/#website\",\"url\":\"https:\\\/\\\/www.replicachwatch.net\\\/fr\\\/\",\"name\":\"Replica Rolex|Fake Rolex|the best rolex watch factory\",\"alternateName\":\"Replica watch center\",\"inLanguage\":\"fr-FR\",\"publisher\":{\"@id\":\"https:\\\/\\\/www.replicachwatch.net\\\/fr\\\/#organization\"}}]}\n\t\t<\/script>\n\t\t<!-- All in One SEO Pro -->\r\n\t\t<title>Watch Coupons<\/title>\n\n","aioseo_head_json":{"title":"Coupons de montres","description":"Home \u00bb Watch Coupons Watch Coupons At xxx.com, we do our best to help our customers. We are dedicated to ensuring your satisfaction and we look forward to hearing from you.We pay attention to listening to the needs of customers and strive to provide customers with high-quality and satisfactory imitation watches","canonical_url":"https:\/\/www.replicachwatch.net\/fr\/coupons-pour-les-montres\/","robots":"max-image-preview:large","keywords":"","webmasterTools":{"miscellaneous":""},"schema":{"@context":"https:\/\/schema.org","@graph":[{"@type":"BreadcrumbList","@id":"https:\/\/www.replicachwatch.net\/fr\/coupons-pour-les-montres\/#breadcrumblist","itemListElement":[{"@type":"ListItem","@id":"https:\/\/www.replicachwatch.net\/fr#listItem","position":1,"name":"Home","item":"https:\/\/www.replicachwatch.net\/fr","nextItem":{"@type":"ListItem","@id":"https:\/\/www.replicachwatch.net\/fr\/coupons-pour-les-montres\/#listItem","name":"Watch Coupons"}},{"@type":"ListItem","@id":"https:\/\/www.replicachwatch.net\/fr\/coupons-pour-les-montres\/#listItem","position":2,"name":"Watch Coupons","previousItem":{"@type":"ListItem","@id":"https:\/\/www.replicachwatch.net\/fr#listItem","name":"Home"}}]},{"@type":"ItemPage","@id":"https:\/\/www.replicachwatch.net\/fr\/coupons-pour-les-montres\/#itempage","url":"https:\/\/www.replicachwatch.net\/fr\/coupons-pour-les-montres\/","name":"Watch Coupons","description":"Home \u00bb Watch Coupons Watch Coupons At xxx.com, we do our best to help our customers. We are dedicated to ensuring your satisfaction and we look forward to hearing from you.We pay attention to listening to the needs of customers and strive to provide customers with high-quality and satisfactory imitation watches","inLanguage":"fr-FR","isPartOf":{"@id":"https:\/\/www.replicachwatch.net\/fr\/#website"},"breadcrumb":{"@id":"https:\/\/www.replicachwatch.net\/fr\/coupons-pour-les-montres\/#breadcrumblist"},"datePublished":"2025-09-18T00:22:41+08:00","dateModified":"2025-09-18T00:25:01+08:00"},{"@type":"Organization","@id":"https:\/\/www.replicachwatch.net\/fr\/#organization","name":"Replica watch center","description":"Seeking the ultimate replica watch? Discover mirror-image replicas of luxury Swiss brands. We guarantee the highest quality materials and undetectable design for the discerning eye. Secure checkout &amp; customer support.","url":"https:\/\/www.replicachwatch.net\/fr\/","foundingDate":"2015-04-30","logo":{"@type":"ImageObject","url":"https:\/\/www.replicachwatch.net\/wp-content\/uploads\/2025\/09\/cropped-logo.png","@id":"https:\/\/www.replicachwatch.net\/fr\/coupons-pour-les-montres\/#organizationLogo","width":512,"height":512},"image":{"@id":"https:\/\/www.replicachwatch.net\/fr\/coupons-pour-les-montres\/#organizationLogo"}},{"@type":"WebPage","@id":"https:\/\/www.replicachwatch.net\/fr\/coupons-pour-les-montres\/#webpage","url":"https:\/\/www.replicachwatch.net\/fr\/coupons-pour-les-montres\/","name":"Watch Coupons","description":"Home \u00bb Watch Coupons Watch Coupons At xxx.com, we do our best to help our customers. We are dedicated to ensuring your satisfaction and we look forward to hearing from you.We pay attention to listening to the needs of customers and strive to provide customers with high-quality and satisfactory imitation watches","inLanguage":"fr-FR","isPartOf":{"@id":"https:\/\/www.replicachwatch.net\/fr\/#website"},"breadcrumb":{"@id":"https:\/\/www.replicachwatch.net\/fr\/coupons-pour-les-montres\/#breadcrumblist"},"datePublished":"2025-09-18T00:22:41+08:00","dateModified":"2025-09-18T00:25:01+08:00"},{"@type":"WebSite","@id":"https:\/\/www.replicachwatch.net\/fr\/#website","url":"https:\/\/www.replicachwatch.net\/fr\/","name":"Replica Rolex|Fake Rolex|the best rolex watch factory","alternateName":"Replica watch center","inLanguage":"fr-FR","publisher":{"@id":"https:\/\/www.replicachwatch.net\/fr\/#organization"}}]},"og:locale":"fr_FR","og:site_name":"Replica Rolex|Fake Rolex|the best rolex watch factory -","og:type":"article","og:title":"Watch Coupons","og:description":"Home \u00bb Watch Coupons Watch Coupons At xxx.com, we do our best to help our customers. We are dedicated to ensuring your satisfaction and we look forward to hearing from you.We pay attention to listening to the needs of customers and strive to provide customers with high-quality and satisfactory imitation watches","og:url":"https:\/\/www.replicachwatch.net\/fr\/coupons-pour-les-montres\/","og:image":"https:\/\/www.replicachwatch.net\/wp-content\/uploads\/2025\/09\/logo.png","og:image:secure_url":"https:\/\/www.replicachwatch.net\/wp-content\/uploads\/2025\/09\/logo.png","article:published_time":"2025-09-18T00:22:41+00:00","article:modified_time":"2025-09-18T00:25:01+00:00","twitter:card":"summary_large_image","twitter:title":"Watch Coupons","twitter:description":"Home \u00bb Watch Coupons Watch Coupons At xxx.com, we do our best to help our customers. We are dedicated to ensuring your satisfaction and we look forward to hearing from you.We pay attention to listening to the needs of customers and strive to provide customers with high-quality and satisfactory imitation watches","twitter:image":"https:\/\/www.replicachwatch.net\/wp-content\/uploads\/2025\/09\/logo.png"},"aioseo_meta_data":{"post_id":"572","title":null,"description":null,"keywords":null,"keyphrases":{"focus":{"keyphrase":"","score":0,"analysis":{"keyphraseInTitle":{"score":0,"maxScore":9,"error":1}}},"additional":[]},"primary_term":null,"canonical_url":null,"og_title":null,"og_description":null,"og_object_type":"default","og_image_type":"default","og_image_url":null,"og_image_width":null,"og_image_height":null,"og_image_custom_url":null,"og_image_custom_fields":null,"og_video":"","og_custom_url":null,"og_article_section":null,"og_article_tags":null,"twitter_use_og":false,"twitter_card":"default","twitter_image_type":"default","twitter_image_url":null,"twitter_image_custom_url":null,"twitter_image_custom_fields":null,"twitter_title":null,"twitter_description":null,"schema":{"blockGraphs":[],"customGraphs":[],"default":{"data":{"Article":[],"Course":[],"Dataset":[],"FAQPage":[],"Movie":[],"Person":[],"Product":[],"ProductReview":[],"Car":[],"Recipe":[],"Service":[],"SoftwareApplication":[],"WebPage":[]},"graphName":"WebPage","isEnabled":true},"graphs":[]},"schema_type":"default","schema_type_options":null,"pillar_content":false,"robots_default":true,"robots_noindex":false,"robots_noarchive":false,"robots_nosnippet":false,"robots_nofollow":false,"robots_noimageindex":false,"robots_noodp":false,"robots_notranslate":false,"robots_max_snippet":"-1","robots_max_videopreview":"-1","robots_max_imagepreview":"large","priority":null,"frequency":"default","local_seo":null,"seo_analyzer_scan_date":"2025-09-20 21:20:05","breadcrumb_settings":null,"limit_modified_date":false,"reviewed_by":null,"open_ai":null,"ai":{"faqs":[],"keyPoints":[],"titles":[],"descriptions":[],"socialPosts":{"email":[],"linkedin":[],"twitter":[],"facebook":[],"instagram":[]}},"created":"2025-09-18 00:22:41","updated":"2025-09-20 21:20:05"},"aioseo_breadcrumb":"<div class=\"aioseo-breadcrumbs\"><span class=\"aioseo-breadcrumb\">\n\t<a href=\"https:\/\/www.replicachwatch.net\/fr\" title=\"Home\">Home<\/a>\n<\/span><span class=\"aioseo-breadcrumb-separator\">&raquo;<\/span><span class=\"aioseo-breadcrumb\">\n\tWatch Coupons\n<\/span><\/div>","aioseo_breadcrumb_json":[{"label":"Home","link":"https:\/\/www.replicachwatch.net\/fr"},{"label":"Watch Coupons","link":"https:\/\/www.replicachwatch.net\/fr\/coupons-pour-les-montres\/"}],"_links":{"self":[{"href":"https:\/\/www.replicachwatch.net\/fr\/wp-json\/wp\/v2\/pages\/572","targetHints":{"allow":["GET"]}}],"collection":[{"href":"https:\/\/www.replicachwatch.net\/fr\/wp-json\/wp\/v2\/pages"}],"about":[{"href":"https:\/\/www.replicachwatch.net\/fr\/wp-json\/wp\/v2\/types\/page"}],"author":[{"embeddable":true,"href":"https:\/\/www.replicachwatch.net\/fr\/wp-json\/wp\/v2\/users\/1"}],"replies":[{"embeddable":true,"href":"https:\/\/www.replicachwatch.net\/fr\/wp-json\/wp\/v2\/comments?post=572"}],"version-history":[{"count":4,"href":"https:\/\/www.replicachwatch.net\/fr\/wp-json\/wp\/v2\/pages\/572\/revisions"}],"predecessor-version":[{"id":588,"href":"https:\/\/www.replicachwatch.net\/fr\/wp-json\/wp\/v2\/pages\/572\/revisions\/588"}],"wp:attachment":[{"href":"https:\/\/www.replicachwatch.net\/fr\/wp-json\/wp\/v2\/media?parent=572"}],"curies":[{"name":"wp","href":"https:\/\/api.w.org\/{rel}","templated":true}]}}