{"id":568,"date":"2025-09-18T00:21:50","date_gmt":"2025-09-18T00:21:50","guid":{"rendered":"https:\/\/www.replicachwatch.net\/?page_id=568"},"modified":"2025-09-18T00:24:55","modified_gmt":"2025-09-18T00:24:55","slug":"politique-de-confidentialite","status":"publish","type":"page","link":"https:\/\/www.replicachwatch.net\/fr\/politique-de-confidentialite\/","title":{"rendered":"Politique de confidentialit\u00e9"},"content":{"rendered":"<div data-elementor-type=\"wp-page\" data-elementor-id=\"568\" class=\"elementor elementor-568\" data-elementor-post-type=\"page\">\n\t\t\t\t<div class=\"elementor-element elementor-element-94ea533 e-flex e-con-boxed e-con e-parent\" data-id=\"94ea533\" data-element_type=\"container\">\n\t\t\t\t\t<div class=\"e-con-inner\">\n\t\t\t\t<div class=\"elementor-element elementor-element-a1586b9 elementor-widget elementor-widget-shortcode\" data-id=\"a1586b9\" data-element_type=\"widget\" data-widget_type=\"shortcode.default\">\n\t\t\t\t<div class=\"elementor-widget-container\">\n\t\t\t\t\t\t\t<div class=\"elementor-shortcode\"><div class=\"my-breadcrumbs\" style=\"display:inline-flex;align-items:center;gap:6px;margin-bottom:0px;\"><i class=\"fa fa-home\"><\/i><div class=\"aioseo-breadcrumbs\"><span class=\"aioseo-breadcrumb\">\n\t<a href=\"https:\/\/www.replicachwatch.net\/fr\" title=\"Accueil\">Accueil<\/a>\n<\/span><span class=\"aioseo-breadcrumb-separator\">\"<\/span><span class=\"aioseo-breadcrumb\">\n\tPolitique de confidentialit\u00e9\n<\/span><\/div><\/div><\/div>\n\t\t\t\t\t\t<\/div>\n\t\t\t\t<\/div>\n\t\t\t\t\t<\/div>\n\t\t\t\t<\/div>\n\t\t<div class=\"elementor-element elementor-element-9e9f4e0 e-flex e-con-boxed e-con e-parent\" data-id=\"9e9f4e0\" data-element_type=\"container\">\n\t\t\t\t\t<div class=\"e-con-inner\">\n\t\t\t\t<div class=\"elementor-element elementor-element-1feaa41 elementor-widget elementor-widget-heading\" data-id=\"1feaa41\" data-element_type=\"widget\" data-widget_type=\"heading.default\">\n\t\t\t\t<div class=\"elementor-widget-container\">\n\t\t\t\t\t<h1 class=\"elementor-heading-title elementor-size-default\">Politique de confidentialit\u00e9<\/h1>\t\t\t\t<\/div>\n\t\t\t\t<\/div>\n\t\t\t\t<div class=\"elementor-element elementor-element-8666184 elementor-widget-divider--view-line elementor-widget elementor-widget-divider\" data-id=\"8666184\" data-element_type=\"widget\" data-widget_type=\"divider.default\">\n\t\t\t\t<div class=\"elementor-widget-container\">\n\t\t\t\t\t\t\t<div class=\"elementor-divider\">\n\t\t\t<span class=\"elementor-divider-separator\">\n\t\t\t\t\t\t<\/span>\n\t\t<\/div>\n\t\t\t\t\t\t<\/div>\n\t\t\t\t<\/div>\n\t\t\t\t<div class=\"elementor-element elementor-element-584878c elementor-widget elementor-widget-text-editor\" data-id=\"584878c\" data-element_type=\"widget\" data-widget_type=\"text-editor.default\">\n\t\t\t\t<div class=\"elementor-widget-container\">\n\t\t\t\t\t\t\t\t\t<p>Chez xxx.com, nous faisons de notre mieux pour aider nos clients. Nous nous engageons \u00e0 assurer votre satisfaction et nous attendons avec impatience de vous entendre.<br \/>Nous sommes attentifs aux besoins de nos clients et nous nous effor\u00e7ons de leur fournir des imitations de montres de haute qualit\u00e9 et satisfaisantes.<\/p>\t\t\t\t\t\t\t\t<\/div>\n\t\t\t\t<\/div>\n\t\t\t\t\t<\/div>\n\t\t\t\t<\/div>\n\t\t\t\t<\/div>","protected":false},"excerpt":{"rendered":"<p>Chez xxx.com, nous faisons de notre mieux pour aider nos clients. Nous sommes \u00e0 l'\u00e9coute des besoins de nos clients et nous nous effor\u00e7ons de leur fournir des imitations de montres de haute qualit\u00e9 et satisfaisantes.<\/p>","protected":false},"author":1,"featured_media":0,"parent":0,"menu_order":4,"comment_status":"closed","ping_status":"closed","template":"","meta":{"_acf_changed":false,"footnotes":""},"class_list":["post-568","page","type-page","status-publish","hentry"],"aioseo_notices":[],"acf":[],"aioseo_head":"\n\t\t<!-- All in One SEO Pro 4.9.6.2 - aioseo.com -->\n\t<meta name=\"description\" content=\"Home \u00bb Privacy Policy Privacy Policy At xxx.com, we do our best to help our customers. We are dedicated to ensuring your satisfaction and we look forward to hearing from you.We pay attention to listening to the needs of customers and strive to provide customers with high-quality and satisfactory imitation watches\" \/>\n\t<meta name=\"robots\" content=\"max-image-preview:large\" \/>\n\t<link rel=\"canonical\" href=\"https:\/\/www.replicachwatch.net\/fr\/politique-de-confidentialite\/\" \/>\n\t<meta name=\"generator\" content=\"All in One SEO Pro (AIOSEO) 4.9.6.2\" \/>\n\t\t<meta property=\"og:locale\" content=\"fr_FR\" \/>\n\t\t<meta property=\"og:site_name\" content=\"Replica Rolex|Fake Rolex|the best rolex watch factory -\" \/>\n\t\t<meta property=\"og:type\" content=\"article\" \/>\n\t\t<meta property=\"og:title\" content=\"Privacy Policy\" \/>\n\t\t<meta property=\"og:description\" content=\"Home \u00bb Privacy Policy Privacy Policy At xxx.com, we do our best to help our customers. We are dedicated to ensuring your satisfaction and we look forward to hearing from you.We pay attention to listening to the needs of customers and strive to provide customers with high-quality and satisfactory imitation watches\" \/>\n\t\t<meta property=\"og:url\" content=\"https:\/\/www.replicachwatch.net\/fr\/politique-de-confidentialite\/\" \/>\n\t\t<meta property=\"og:image\" content=\"https:\/\/www.replicachwatch.net\/wp-content\/uploads\/2025\/09\/logo.png\" \/>\n\t\t<meta property=\"og:image:secure_url\" content=\"https:\/\/www.replicachwatch.net\/wp-content\/uploads\/2025\/09\/logo.png\" \/>\n\t\t<meta property=\"article:published_time\" content=\"2025-09-18T00:21:50+00:00\" \/>\n\t\t<meta property=\"article:modified_time\" content=\"2025-09-18T00:24:55+00:00\" \/>\n\t\t<meta name=\"twitter:card\" content=\"summary_large_image\" \/>\n\t\t<meta name=\"twitter:title\" content=\"Privacy Policy\" \/>\n\t\t<meta name=\"twitter:description\" content=\"Home \u00bb Privacy Policy Privacy Policy At xxx.com, we do our best to help our customers. We are dedicated to ensuring your satisfaction and we look forward to hearing from you.We pay attention to listening to the needs of customers and strive to provide customers with high-quality and satisfactory imitation watches\" \/>\n\t\t<meta name=\"twitter:image\" content=\"https:\/\/www.replicachwatch.net\/wp-content\/uploads\/2025\/09\/logo.png\" \/>\n\t\t<script type=\"application\/ld+json\" class=\"aioseo-schema\">\n\t\t\t{\"@context\":\"https:\\\/\\\/schema.org\",\"@graph\":[{\"@type\":\"BreadcrumbList\",\"@id\":\"https:\\\/\\\/www.replicachwatch.net\\\/fr\\\/politique-de-confidentialite\\\/#breadcrumblist\",\"itemListElement\":[{\"@type\":\"ListItem\",\"@id\":\"https:\\\/\\\/www.replicachwatch.net\\\/fr#listItem\",\"position\":1,\"name\":\"Home\",\"item\":\"https:\\\/\\\/www.replicachwatch.net\\\/fr\",\"nextItem\":{\"@type\":\"ListItem\",\"@id\":\"https:\\\/\\\/www.replicachwatch.net\\\/fr\\\/politique-de-confidentialite\\\/#listItem\",\"name\":\"Privacy Policy\"}},{\"@type\":\"ListItem\",\"@id\":\"https:\\\/\\\/www.replicachwatch.net\\\/fr\\\/politique-de-confidentialite\\\/#listItem\",\"position\":2,\"name\":\"Privacy Policy\",\"previousItem\":{\"@type\":\"ListItem\",\"@id\":\"https:\\\/\\\/www.replicachwatch.net\\\/fr#listItem\",\"name\":\"Home\"}}]},{\"@type\":\"ItemPage\",\"@id\":\"https:\\\/\\\/www.replicachwatch.net\\\/fr\\\/politique-de-confidentialite\\\/#itempage\",\"url\":\"https:\\\/\\\/www.replicachwatch.net\\\/fr\\\/politique-de-confidentialite\\\/\",\"name\":\"Privacy Policy\",\"description\":\"Home \\u00bb Privacy Policy Privacy Policy At xxx.com, we do our best to help our customers. We are dedicated to ensuring your satisfaction and we look forward to hearing from you.We pay attention to listening to the needs of customers and strive to provide customers with high-quality and satisfactory imitation watches\",\"inLanguage\":\"fr-FR\",\"isPartOf\":{\"@id\":\"https:\\\/\\\/www.replicachwatch.net\\\/fr\\\/#website\"},\"breadcrumb\":{\"@id\":\"https:\\\/\\\/www.replicachwatch.net\\\/fr\\\/politique-de-confidentialite\\\/#breadcrumblist\"},\"datePublished\":\"2025-09-18T00:21:50+08:00\",\"dateModified\":\"2025-09-18T00:24:55+08:00\"},{\"@type\":\"Organization\",\"@id\":\"https:\\\/\\\/www.replicachwatch.net\\\/fr\\\/#organization\",\"name\":\"Replica watch center\",\"description\":\"Seeking the ultimate replica watch? Discover mirror-image replicas of luxury Swiss brands. We guarantee the highest quality materials and undetectable design for the discerning eye. Secure checkout &amp; customer support.\",\"url\":\"https:\\\/\\\/www.replicachwatch.net\\\/fr\\\/\",\"foundingDate\":\"2015-04-30\",\"logo\":{\"@type\":\"ImageObject\",\"url\":\"https:\\\/\\\/www.replicachwatch.net\\\/wp-content\\\/uploads\\\/2025\\\/09\\\/cropped-logo.png\",\"@id\":\"https:\\\/\\\/www.replicachwatch.net\\\/fr\\\/politique-de-confidentialite\\\/#organizationLogo\",\"width\":512,\"height\":512},\"image\":{\"@id\":\"https:\\\/\\\/www.replicachwatch.net\\\/fr\\\/politique-de-confidentialite\\\/#organizationLogo\"}},{\"@type\":\"WebPage\",\"@id\":\"https:\\\/\\\/www.replicachwatch.net\\\/fr\\\/politique-de-confidentialite\\\/#webpage\",\"url\":\"https:\\\/\\\/www.replicachwatch.net\\\/fr\\\/politique-de-confidentialite\\\/\",\"name\":\"Privacy Policy\",\"description\":\"Home \\u00bb Privacy Policy Privacy Policy At xxx.com, we do our best to help our customers. We are dedicated to ensuring your satisfaction and we look forward to hearing from you.We pay attention to listening to the needs of customers and strive to provide customers with high-quality and satisfactory imitation watches\",\"inLanguage\":\"fr-FR\",\"isPartOf\":{\"@id\":\"https:\\\/\\\/www.replicachwatch.net\\\/fr\\\/#website\"},\"breadcrumb\":{\"@id\":\"https:\\\/\\\/www.replicachwatch.net\\\/fr\\\/politique-de-confidentialite\\\/#breadcrumblist\"},\"datePublished\":\"2025-09-18T00:21:50+08:00\",\"dateModified\":\"2025-09-18T00:24:55+08:00\"},{\"@type\":\"WebSite\",\"@id\":\"https:\\\/\\\/www.replicachwatch.net\\\/fr\\\/#website\",\"url\":\"https:\\\/\\\/www.replicachwatch.net\\\/fr\\\/\",\"name\":\"Replica Rolex|Fake Rolex|the best rolex watch factory\",\"alternateName\":\"Replica watch center\",\"inLanguage\":\"fr-FR\",\"publisher\":{\"@id\":\"https:\\\/\\\/www.replicachwatch.net\\\/fr\\\/#organization\"}}]}\n\t\t<\/script>\n\t\t<!-- All in One SEO Pro -->\r\n\t\t<title>Privacy Policy<\/title>\n\n","aioseo_head_json":{"title":"Politique de confidentialit\u00e9","description":"Home \u00bb Privacy Policy Privacy Policy At xxx.com, we do our best to help our customers. We are dedicated to ensuring your satisfaction and we look forward to hearing from you.We pay attention to listening to the needs of customers and strive to provide customers with high-quality and satisfactory imitation watches","canonical_url":"https:\/\/www.replicachwatch.net\/fr\/politique-de-confidentialite\/","robots":"max-image-preview:large","keywords":"","webmasterTools":{"miscellaneous":""},"schema":{"@context":"https:\/\/schema.org","@graph":[{"@type":"BreadcrumbList","@id":"https:\/\/www.replicachwatch.net\/fr\/politique-de-confidentialite\/#breadcrumblist","itemListElement":[{"@type":"ListItem","@id":"https:\/\/www.replicachwatch.net\/fr#listItem","position":1,"name":"Home","item":"https:\/\/www.replicachwatch.net\/fr","nextItem":{"@type":"ListItem","@id":"https:\/\/www.replicachwatch.net\/fr\/politique-de-confidentialite\/#listItem","name":"Privacy Policy"}},{"@type":"ListItem","@id":"https:\/\/www.replicachwatch.net\/fr\/politique-de-confidentialite\/#listItem","position":2,"name":"Privacy Policy","previousItem":{"@type":"ListItem","@id":"https:\/\/www.replicachwatch.net\/fr#listItem","name":"Home"}}]},{"@type":"ItemPage","@id":"https:\/\/www.replicachwatch.net\/fr\/politique-de-confidentialite\/#itempage","url":"https:\/\/www.replicachwatch.net\/fr\/politique-de-confidentialite\/","name":"Privacy Policy","description":"Home \u00bb Privacy Policy Privacy Policy At xxx.com, we do our best to help our customers. We are dedicated to ensuring your satisfaction and we look forward to hearing from you.We pay attention to listening to the needs of customers and strive to provide customers with high-quality and satisfactory imitation watches","inLanguage":"fr-FR","isPartOf":{"@id":"https:\/\/www.replicachwatch.net\/fr\/#website"},"breadcrumb":{"@id":"https:\/\/www.replicachwatch.net\/fr\/politique-de-confidentialite\/#breadcrumblist"},"datePublished":"2025-09-18T00:21:50+08:00","dateModified":"2025-09-18T00:24:55+08:00"},{"@type":"Organization","@id":"https:\/\/www.replicachwatch.net\/fr\/#organization","name":"Replica watch center","description":"Seeking the ultimate replica watch? Discover mirror-image replicas of luxury Swiss brands. We guarantee the highest quality materials and undetectable design for the discerning eye. Secure checkout &amp; customer support.","url":"https:\/\/www.replicachwatch.net\/fr\/","foundingDate":"2015-04-30","logo":{"@type":"ImageObject","url":"https:\/\/www.replicachwatch.net\/wp-content\/uploads\/2025\/09\/cropped-logo.png","@id":"https:\/\/www.replicachwatch.net\/fr\/politique-de-confidentialite\/#organizationLogo","width":512,"height":512},"image":{"@id":"https:\/\/www.replicachwatch.net\/fr\/politique-de-confidentialite\/#organizationLogo"}},{"@type":"WebPage","@id":"https:\/\/www.replicachwatch.net\/fr\/politique-de-confidentialite\/#webpage","url":"https:\/\/www.replicachwatch.net\/fr\/politique-de-confidentialite\/","name":"Privacy Policy","description":"Home \u00bb Privacy Policy Privacy Policy At xxx.com, we do our best to help our customers. We are dedicated to ensuring your satisfaction and we look forward to hearing from you.We pay attention to listening to the needs of customers and strive to provide customers with high-quality and satisfactory imitation watches","inLanguage":"fr-FR","isPartOf":{"@id":"https:\/\/www.replicachwatch.net\/fr\/#website"},"breadcrumb":{"@id":"https:\/\/www.replicachwatch.net\/fr\/politique-de-confidentialite\/#breadcrumblist"},"datePublished":"2025-09-18T00:21:50+08:00","dateModified":"2025-09-18T00:24:55+08:00"},{"@type":"WebSite","@id":"https:\/\/www.replicachwatch.net\/fr\/#website","url":"https:\/\/www.replicachwatch.net\/fr\/","name":"Replica Rolex|Fake Rolex|the best rolex watch factory","alternateName":"Replica watch center","inLanguage":"fr-FR","publisher":{"@id":"https:\/\/www.replicachwatch.net\/fr\/#organization"}}]},"og:locale":"fr_FR","og:site_name":"Replica Rolex|Fake Rolex|the best rolex watch factory -","og:type":"article","og:title":"Privacy Policy","og:description":"Home \u00bb Privacy Policy Privacy Policy At xxx.com, we do our best to help our customers. We are dedicated to ensuring your satisfaction and we look forward to hearing from you.We pay attention to listening to the needs of customers and strive to provide customers with high-quality and satisfactory imitation watches","og:url":"https:\/\/www.replicachwatch.net\/fr\/politique-de-confidentialite\/","og:image":"https:\/\/www.replicachwatch.net\/wp-content\/uploads\/2025\/09\/logo.png","og:image:secure_url":"https:\/\/www.replicachwatch.net\/wp-content\/uploads\/2025\/09\/logo.png","article:published_time":"2025-09-18T00:21:50+00:00","article:modified_time":"2025-09-18T00:24:55+00:00","twitter:card":"summary_large_image","twitter:title":"Privacy Policy","twitter:description":"Home \u00bb Privacy Policy Privacy Policy At xxx.com, we do our best to help our customers. We are dedicated to ensuring your satisfaction and we look forward to hearing from you.We pay attention to listening to the needs of customers and strive to provide customers with high-quality and satisfactory imitation watches","twitter:image":"https:\/\/www.replicachwatch.net\/wp-content\/uploads\/2025\/09\/logo.png"},"aioseo_meta_data":{"post_id":"568","title":null,"description":null,"keywords":null,"keyphrases":{"focus":{"keyphrase":"","score":0,"analysis":{"keyphraseInTitle":{"score":0,"maxScore":9,"error":1}}},"additional":[]},"primary_term":null,"canonical_url":null,"og_title":null,"og_description":null,"og_object_type":"default","og_image_type":"default","og_image_url":null,"og_image_width":null,"og_image_height":null,"og_image_custom_url":null,"og_image_custom_fields":null,"og_video":"","og_custom_url":null,"og_article_section":null,"og_article_tags":null,"twitter_use_og":false,"twitter_card":"default","twitter_image_type":"default","twitter_image_url":null,"twitter_image_custom_url":null,"twitter_image_custom_fields":null,"twitter_title":null,"twitter_description":null,"schema":{"blockGraphs":[],"customGraphs":[],"default":{"data":{"Article":[],"Course":[],"Dataset":[],"FAQPage":[],"Movie":[],"Person":[],"Product":[],"ProductReview":[],"Car":[],"Recipe":[],"Service":[],"SoftwareApplication":[],"WebPage":[]},"graphName":"WebPage","isEnabled":true},"graphs":[]},"schema_type":"default","schema_type_options":null,"pillar_content":false,"robots_default":true,"robots_noindex":false,"robots_noarchive":false,"robots_nosnippet":false,"robots_nofollow":false,"robots_noimageindex":false,"robots_noodp":false,"robots_notranslate":false,"robots_max_snippet":"-1","robots_max_videopreview":"-1","robots_max_imagepreview":"large","priority":null,"frequency":"default","local_seo":null,"seo_analyzer_scan_date":"2025-09-20 21:22:46","breadcrumb_settings":null,"limit_modified_date":false,"reviewed_by":null,"open_ai":null,"ai":{"faqs":[],"keyPoints":[],"titles":[],"descriptions":[],"socialPosts":{"email":[],"linkedin":[],"twitter":[],"facebook":[],"instagram":[]}},"created":"2025-09-18 00:21:50","updated":"2025-09-20 21:22:46"},"aioseo_breadcrumb":"<div class=\"aioseo-breadcrumbs\"><span class=\"aioseo-breadcrumb\">\n\t<a href=\"https:\/\/www.replicachwatch.net\/fr\" title=\"Home\">Home<\/a>\n<\/span><span class=\"aioseo-breadcrumb-separator\">&raquo;<\/span><span class=\"aioseo-breadcrumb\">\n\tPrivacy Policy\n<\/span><\/div>","aioseo_breadcrumb_json":[{"label":"Home","link":"https:\/\/www.replicachwatch.net\/fr"},{"label":"Privacy Policy","link":"https:\/\/www.replicachwatch.net\/fr\/politique-de-confidentialite\/"}],"_links":{"self":[{"href":"https:\/\/www.replicachwatch.net\/fr\/wp-json\/wp\/v2\/pages\/568","targetHints":{"allow":["GET"]}}],"collection":[{"href":"https:\/\/www.replicachwatch.net\/fr\/wp-json\/wp\/v2\/pages"}],"about":[{"href":"https:\/\/www.replicachwatch.net\/fr\/wp-json\/wp\/v2\/types\/page"}],"author":[{"embeddable":true,"href":"https:\/\/www.replicachwatch.net\/fr\/wp-json\/wp\/v2\/users\/1"}],"replies":[{"embeddable":true,"href":"https:\/\/www.replicachwatch.net\/fr\/wp-json\/wp\/v2\/comments?post=568"}],"version-history":[{"count":4,"href":"https:\/\/www.replicachwatch.net\/fr\/wp-json\/wp\/v2\/pages\/568\/revisions"}],"predecessor-version":[{"id":582,"href":"https:\/\/www.replicachwatch.net\/fr\/wp-json\/wp\/v2\/pages\/568\/revisions\/582"}],"wp:attachment":[{"href":"https:\/\/www.replicachwatch.net\/fr\/wp-json\/wp\/v2\/media?parent=568"}],"curies":[{"name":"wp","href":"https:\/\/api.w.org\/{rel}","templated":true}]}}